{"id":6729,"date":"2023-12-29T10:12:10","date_gmt":"2023-12-29T09:12:10","guid":{"rendered":"https:\/\/geographicmedia.top\/?page_id=6729"},"modified":"2024-02-02T13:15:22","modified_gmt":"2024-02-02T12:15:22","slug":"politica-de-privacidad","status":"publish","type":"page","link":"https:\/\/geographicmedia.top\/eu\/politica-de-privacidad\/","title":{"rendered":"Pribatutasun politika"},"content":{"rendered":"<p>Webgune honen jabea bere Pribatutasun Politikaren berri ematen dizu geografiamedia.top webgunearen bidez nabigatuz edo zerbitzuak kontratatuz jaso daitezkeen erabiltzaileen eta bezeroen datu pertsonalen tratamenduari eta babesari buruz.<\/p>\n\n\n\n<p>Zentzu honetan, Titularrak datu pertsonalak babesteari buruzko indarrean dagoen araudia betetzen dela bermatzen du, Datu Pertsonalak Babesteari eta Eskubide Digitalak Bermatzeko abenduaren 5eko 3\/2018 Lege Organikoan (LOPD GDD) jasotzen duena. Halaber, Europako Parlamentuaren eta Kontseiluaren 2016ko apirilaren 27ko 2016\/679 (EB) Erregelamendua betetzen du pertsona fisikoen babesari buruzkoa (GDPR).<\/p>\n\n\n\n<p>Webgunea erabiltzeak Pribatutasun Politika hau eta Lege Oharrean jasotako baldintzak onartzea dakar.<\/p>\n\n\n\n<div class=\"wp-block-buttons alignfull is-content-justification-center is-layout-flex wp-container-core-buttons-is-layout-a89b3969 wp-block-buttons-is-layout-flex\">\n<div class=\"wp-block-button has-custom-width wp-block-button__width-100\"><a class=\"wp-block-button__link wp-element-button\" href=\"https:\/\/geographicmedia.top\/eu\/reportajes\/\">Pribatutasun Politika onartzen dut<\/a><\/div>\n\n\n\n<div class=\"wp-block-button has-custom-width wp-block-button__width-100\"><a class=\"wp-block-button__link wp-element-button\" href=\"https:\/\/geographicmedia.top\/eu\/registro\/\">Pribatutasun Politika onartzen dut<\/a><\/div>\n<\/div>\n\n\n\n<div class=\"wp-block-kadence-modal alignnone kt-modal-linkalign-center\" id=\"kt-modal6729_47d560-27\"><div id=\"kt-target-modal6729_47d560-27\" class=\"kb-modal-content6729_47d560-27 kadence-block-pro-modal kt-m-animate-in-fadeup kt-m-animate-out-fadeout\" aria-hidden=\"true\"><div class=\"kt-modal-overlay\" tabindex=\"-1\" data-modal-close=\"true\"><div class=\"kt-modal-container kt-modal-height-fittocontent kt-close-position-inside\" role=\"dialog\" aria-modal=\"true\"><button class=\"kt-modal-close\" aria-label=\"Itxi Modala\" data-modal-close=\"true\"><svg viewbox=\"0 0 24 24\" fill=\"none\" stroke=\"currentColor\" xmlns=\"https:\/\/www.w3.org\/2000\/svg\" stroke-width=\"2\" stroke-linecap=\"round\" stroke-linejoin=\"round\"><line x1=\"18\" y1=\"6\" x2=\"6\" y2=\"18\"><\/line><line x1=\"6\" y1=\"6\" x2=\"18\" y2=\"18\"><\/line><\/svg><\/button><div id=\"kt-modal6729_47d560-27-content\" class=\"kt-modal-content\">\n<h3 class=\"wp-block-heading\"><strong>arduradunaren nortasuna<\/strong><\/h3>\n\n\n\n<ul class=\"wp-block-list\">\n<li>Titularra: NAFARROAKO ERRIBERAKO GARAPENERAKO ESTRATEGIEN PARTZUERGOA<\/li>\n\n\n\n<li>IFZ\/IFK: G31513260<\/li>\n\n\n\n<li>Helbidea: Pl. Ha Levi Yehuda, z\/g<\/li>\n\n\n\n<li>Posta elektronikoa: eder@consorcioeder.es<\/li>\n\n\n\n<li>Webgunea: https:\/\/www.consorcioeder.es<\/li>\n<\/ul>\n\n\n\n<h3 class=\"wp-block-heading\"><strong>Datuen tratamenduan aplikatutako printzipioak<\/strong><\/h3>\n\n\n\n<p>Zure datu pertsonalen tratamenduan, Titularrak datuen babeserako Europako araudi berriaren eskakizunak betetzen dituzten printzipio hauek aplikatuko ditu:<\/p>\n\n\n\n<ul class=\"wp-block-list\">\n<li><strong>Legezkotasun, leialtasun eta gardentasun printzipioa:<\/strong> Jabeak beti eskatuko du baimena zure datu pertsonalak tratatzeko, eta helburu zehatz baterako edo gehiagotarako izan daiteke eta aldez aurretik erabateko gardentasunarekin jakinaraziko dizu.<\/li>\n\n\n\n<li><strong>Datuak minimizatzeko printzipioa:<\/strong> Titularrak eskatzen zaion xede edo helburuetarako behar diren datuak soilik eskatuko ditu.<\/li>\n\n\n\n<li><strong>Kontserbazio epearen mugaren printzipioa:<\/strong> Datuak tratamenduaren xede edo helburuetarako guztiz beharrezkoa den denboran gordeko dira.<br>Jabeak xedearen arabera dagokion kontserbazio epearen berri emango dizu. Harpidetzen kasuan, Jabeak zerrendak aldian-aldian berrikusiko ditu eta denbora luzez inaktibo dauden erregistroak ezabatuko ditu.<\/li>\n\n\n\n<li><strong>Osotasun eta konfidentzialtasun printzipioa:<\/strong> Zure datuak segurtasuna, konfidentzialtasuna eta osotasuna bermatuta egongo diren moduan tratatuko dira. Jakin behar duzu Jabeak beharrezko neurriak hartzen dituela hirugarrenek erabiltzaileen datuak baimenik gabeko sarbidea edo erabilera desegokia saihesteko.<\/li>\n<\/ul>\n\n\n\n<h3 class=\"wp-block-heading\"><strong>Datu pertsonalak lortzea<\/strong><\/h3>\n\n\n\n<p>www.geographicmedia.top nabigatzeko ez duzu datu pertsonalik eman beharrik. Zure datu pertsonalak ematen dituzun kasuak hauek dira:<\/p>\n\n\n\n<ul class=\"wp-block-list\">\n<li>Webgunean inprimaki baten bidez erregistratuz<\/li>\n<\/ul>\n\n\n\n<h3 class=\"wp-block-heading\"><strong>Zure eskubideak<\/strong><\/h3>\n\n\n\n<p>Jabeak jakinarazten dizu zure datu pertsonalei buruz eskubidea duzula:<\/p>\n\n\n\n<ul class=\"wp-block-list\">\n<li>Eskatu gordetako datuetarako sarbidea.<\/li>\n\n\n\n<li>Eskatu zuzenketa edo baliogabetzea.<\/li>\n\n\n\n<li>Eskatu zure tratamenduaren muga.<\/li>\n\n\n\n<li>Tratamenduari aurka egin.<\/li>\n\n\n\n<li>Eskatu zure datuen eramangarritasuna.<\/li>\n<\/ul>\n\n\n\n<p>Eskubide hauen erabilera pertsonala da eta, beraz, interesdunak zuzenean gauzatu behar du, Jabeari zuzenean eskatuz, hau da, edozein unetan bere datuak eman dituen bezero, harpidedun edo kolaboratzaile edozein unetan Jabearekin harremanetan jar daiteke eta horri buruzko informazioa eska dezake. gorde dituzun eskubideak eta datuak nola lortu dituzun, horiek zuzentzeko eskatzea, zure datu pertsonalen eramangarritasuna eskatzea, tratamenduaren aurka egitea, erabilera mugatzea edo Jabearen fitxategietan datu horiek baliogabetzea eskatzea.<\/p>\n\n\n\n<p>Sarbide, zuzenketa, baliogabetze, eramangarritasun eta aurka egiteko eskubideak erabiltzeko, mezu elektroniko bat bidali behar duzu <a href=\"mailto:aeder@consorcioeder.es\">aeder@consorcioeder.es<\/a>&nbsp; legez baliozko egiaztagiriarekin batera, hala nola NANaren fotokopia edo baliokidea.<\/p>\n\n\n\n<p>Babes judizial eraginkorra izateko eta kontrol-agintaritzari erreklamazioa aurkezteko eskubidea duzu, kasu honetan, Datuak Babesteko Espainiako Agentzian, baldin eta zurekin dagozkion datu pertsonalen tratamenduak Erregelamendua urratzen duela uste baduzu.<\/p>\n\n\n\n<h3 class=\"wp-block-heading\"><strong>Datu pertsonalen tratamenduaren helburua<\/strong><\/h3>\n\n\n\n<p>Webgunera konektatzen zarenean Jabeari mezu elektroniko bat bidaltzeko, bere buletinera harpidetzeko edo kontratu bat egiteko, Jabearen ardura duen informazio pertsonala ematen ari zara. Informazio honek datu pertsonalak izan ditzake, hala nola, zure IP helbidea, izen-abizenak, helbide fisikoa, helbide elektronikoa, telefono zenbakia eta bestelako informazioa. Informazio hau ematean, zure baimena ematen duzu CONSORCIO PARA LA STRATEGIAS DE DESARROLLO DE LA RIBERA DE NAVARRA-k zure informazioa bildu, erabili, kudeatu eta biltegiratzeko, Lege Oharrean eta Pribatutasun Politika honetan azaltzen den moduan soilik.<\/p>\n\n\n\n<p>Datu pertsonalak eta Jabeak tratamenduaren helburua desberdinak dira informazioa biltzeko sistemaren arabera:<\/p>\n\n\n\n<ul class=\"wp-block-list\">\n<li><strong>Harremanetarako formularioak:<\/strong> Jabeak datu pertsonalak eskatzen ditu, hauek izan daitezkeen: Izen-abizenak, helbide elektronikoa, telefono-zenbakia eta zure webguneko helbidea, zure galderei erantzuteko.<br>Adibidez, Jabeak datu hauek erabiltzen ditu webgunean sartutako informazioari, webgunearen bidez emandako zerbitzuei, zure datu pertsonalen tratamenduari, zure datu pertsonalen tratamenduari eta galderei buruz izan ditzakezun mezuei, galderei, kexei, iruzkinei edo kezkei erantzuteko. webgunean sartutako lege-testuak, bai eta webgunearen edo kontratuaren baldintzen menpe ez dagoen edozein kontsulta ere.<\/li>\n\n\n\n<li><strong>Edukiak harpidetzeko formularioak:<\/strong> Jabeak datu pertsonal hauek eskatzen ditu: Izena eta abizenak, helbide elektronikoa, telefono zenbakia eta zure webguneko helbidea harpidetza zerrenda kudeatzeko, buletinak, promozioak eta eskaintza bereziak bidaltzeko.<br>Jabeari ematen dizkiozun datuak The Rocket Science Group LLC d\/b\/a-ren zerbitzarietan kokatuko dira, egoitza AEBetan. (Mailtximp).<\/li>\n<\/ul>\n\n\n\n<p>Jabeak zure datu pertsonalak prozesatzen dituen beste helburu batzuk daude:<\/p>\n\n\n\n<ul class=\"wp-block-list\">\n<li>Lege Oharra eta aplikagarria den legedian jasotako baldintzak betetzen direla bermatzeko. Webgune honek biltzen dituen datu pertsonalen konfidentzialtasuna bermatzen laguntzen duten tresnak eta algoritmoak garatzea izan daiteke.<\/li>\n\n\n\n<li>Webgune honek eskaintzen dituen zerbitzuak laguntzeko eta hobetzeko.<\/li>\n<\/ul>\n\n\n\n<h3 class=\"wp-block-heading\"><strong>Datu pertsonalen segurtasuna<\/strong><\/h3>\n\n\n\n<p>Zure datu pertsonalak babesteko, Jabeak arrazoizko neurri guztiak hartzen ditu eta industriako jardunbide onenak jarraitzen ditu galera, erabilera okerra, sarbide desegokia, ezagutaraztea, aldatzea edo suntsitzea ekiditeko.<\/p>\n\n\n\n<p>Webgunea WordPress H\u00e9rcules-en dago (https:\/\/wphercules.es\/). Zure datuen segurtasuna bermatuta dago, horretarako beharrezko segurtasun neurri guztiak hartzen baitituzte. Informazio gehiago lortzeko haien pribatutasun politika kontsulta dezakezu.<\/p>\n\n\n\n<h3 class=\"wp-block-heading\"><strong>Beste webgune batzuetako edukia<\/strong><\/h3>\n\n\n\n<p>Webgune honetako orrialdeek kapsulatutako edukia izan dezakete (adibidez, bideoak, irudiak, artikuluak, etab.). Beste webguneetako txertatutako edukiak beste webgunea bisitatu izan bazenu bezala jokatzen du.<\/p>\n\n\n\n<p>Webgune hauek zuri buruzko datuak bil ditzakete, cookieak erabil ditzakete, hirugarrenen jarraipen-kode gehigarria txertatu eta kode hau erabiliz zure interakzioa kontrolatu.<\/p>\n\n\n\n<h3 class=\"wp-block-heading\"><strong>Cookieen politika<\/strong><\/h3>\n\n\n\n<p>Webgune honek behar bezala funtziona dezan erabili behar duzu&nbsp;<\/p>\n\n\n\n<p>cookie teknikoak, erabiltzaileari web orri, plataforma edo aplikazio batetik nabigatzeko eta bertan dauden aukera edo zerbitzu desberdinak erabiltzeko aukera ematen diotenak, hala nola, saioa identifikatzea, sarbide mugatuko zatiak atzitzea, nabigatzean segurtasun elementuak erabiltzea, edo aurrerapena eta saioa gordetzeko.&nbsp;<\/p>\n\n\n\n<p><strong>Datuak tratatzeko legezkotasuna<\/strong><\/p>\n\n\n\n<p>Zure datuak tratatzeko legezko oinarria hau da: baimena.<\/p>\n\n\n\n<p>Jabearekin harremanetan jartzeko, buletin batera harpidetzeko edo Webgune honetan iruzkinak egiteko, Pribatutasun Politika hau onartu behar duzu.<\/p>\n\n\n\n<h3 class=\"wp-block-heading\"><strong>Datu pertsonalen kategoriak<\/strong><\/h3>\n\n\n\n<p>Jabeak tratatzen dituen datu pertsonalen kategoriak hauek dira:<\/p>\n\n\n\n<ul class=\"wp-block-list\">\n<li>Identifikazio datuak.<\/li>\n<\/ul>\n\n\n\n<h3 class=\"wp-block-heading\"><strong>Datu pertsonalen kontserbazioa<\/strong><\/h3>\n\n\n\n<p>Jabeari ematen dizkiozun datu pertsonalak ezabatzeko eskatu arte gordeko dira.<\/p>\n\n\n\n<h3 class=\"wp-block-heading\"><strong>Datu pertsonalen hartzaileak<\/strong><\/h3>\n\n\n\n<ul class=\"wp-block-list\">\n<li><strong>OUIUPLAY SLU,<\/strong> egoitza soziala Canal 11 kalean \u2013 Iru\u00f1ea-Iru\u00f1ea \u2013 31015.<br>Informazio gehiago hemen aurkituko duzu: <a href=\"https:\/\/ouiplay.es\">https:\/\/ouiplay.es<strong><br><\/strong><\/a>OUIPLAY-k datuak prozesatzen ditu bere zerbitzuak eskaintzeko, webgunearen mantentzearen arduradun gisa.<\/li>\n\n\n\n<li><strong>Flavia Bern\u00e1rdez Rodr\u00edguez<\/strong>, helbidea Capit\u00e1n Amador kalean 9. Alacante, Espainia. Informazio gehiago hemen aurkituko duzu: <a href=\"http:\/\/flabernardez.com\">http:\/\/flabernardez.com<\/a><strong>.<\/strong> Flavia Bern\u00e1rdez Rodr\u00edguez-ek datuak prozesatzen ditu webgunearen teknologia programatzeko eta eguneratzeko, ostalaritza eta domeinuen kudeaketarako.<\/li>\n\n\n\n<li><strong>WPHercules&nbsp; <\/strong>Londresen, St Albans-en bizi da. Informazio gehiago helbidean aurkituko duzu <a href=\"https:\/\/wphercules.es\">https:\/\/wphercules.es<\/a>. WPHercules-ek datuak prozesatzen ditu hosting zerbitzuak eta azpiegitura teknologikoak eskaintzeko.<\/li>\n<\/ul>\n\n\n\n<p><strong>Web-nabigazioa<\/strong><\/p>\n\n\n\n<p>www.geographicmedia.top nabigatzean, identifikaziorik gabeko datuak bil daitezke, IP helbidea, geokokapena, zerbitzuak eta guneak nola erabiltzen diren, nabigazio ohiturak eta zu identifikatzeko erabili ezin diren beste datu batzuk.<\/p>\n\n\n\n<p>Jabeak lortutako informazioa datu estatistikoak lortzeko, joerak aztertzeko, gunea administratzeko, nabigazio ereduak aztertzeko eta informazio demografikoa biltzeko erabiltzen du.<\/p>\n\n\n\n<h3 class=\"wp-block-heading\"><strong>Datu pertsonalen zehaztasuna eta egiazkotasuna<\/strong><\/h3>\n\n\n\n<p>Jabeari emandako datuak zuzenak, osoak, zehatzak eta gaurkoak direla ziurtatzeko konpromisoa hartzen duzu, baita behar bezala eguneratuta mantentzeko ere.<\/p>\n\n\n\n<p>Webgunearen Erabiltzailea zaren aldetik, webgunera bidaltzen dituzun datuen egiazkotasunaren eta zuzentasunaren erantzule bakarra zara, Jabea horren inguruko erantzukizunetatik salbuetsiz.<\/p>\n\n\n\n<h3 class=\"wp-block-heading\"><strong>Onarpena eta adostasuna<\/strong><\/h3>\n\n\n\n<p>Webgunearen Erabiltzaile gisa, adierazten duzu datu pertsonalen babesari buruzko baldintzen berri jaso duzula, eta onartzen eta onartzen duzula Jabeak Pribatutasun Politika honetan adierazitako moduan eta helburuetarako tratatzea.<\/p>\n\n\n\n<h3 class=\"wp-block-heading\"><strong>Ezeztagarritasuna<\/strong><\/h3>\n\n\n\n<p>Sarbide, zuzenketa, baliogabetze, eramangarritasun eta aurka egiteko eskubideak erabiltzeko, helbide elektronikora bidali behar duzu <a href=\"mailto:aeder@consorcioeder.es\">aeder@consorcioeder.es<\/a>&nbsp; legez baliozko egiaztagiriarekin batera, hala nola NANaren fotokopia edo baliokidea.<\/p>\n\n\n\n<p>Zure eskubideak egikaritzeak ez du barne hartzen jabeak administrazio, legezko edo segurtasun helburuetarako gordetzera behartuta dagoen daturik.<\/p>\n\n\n\n<h3 class=\"wp-block-heading\"><strong>Pribatutasun politikan aldaketak<\/strong><\/h3>\n\n\n\n<p>Jabeak Pribatutasun Politika hau aldatzeko eskubidea gordetzen du, legegintza- edo jurisprudentzia-garapenetara egokitzeko, baita industria-jardunbideetara ere.<\/p>\n\n\n\n<p>Politika hauek indarrean egongo dira beste batzuek behar bezala argitaratu arte aldatzen dituzten arte.v<\/p>\n<\/div><\/div><\/div><\/div><button class=\"kb-btn-global-custom kt-modal-label-show kt-blocks-modal-link\" data-modal-open=\"kt-target-modal6729_47d560-27\"><span class=\"kt-blocks-modal-link-inner\">Irakurri pribatutasun-politika osoa<\/span><\/button><\/div>","protected":false},"excerpt":{"rendered":"<p>TITULAR te informa sobre su Pol\u00edtica de Privacidad respecto del tratamiento y protecci\u00f3n de los datos de car\u00e1cter personal de los usuarios y clientes que puedan ser recabados por la navegaci\u00f3n o contrataci\u00f3n de servicios a trav\u00e9s del sitio Web geographicmedia.top En este sentido, el Titular garantiza el cumplimiento de la normativa vigente en materia [&hellip;]<\/p>\n","protected":false},"author":1,"featured_media":0,"parent":0,"menu_order":0,"comment_status":"closed","ping_status":"closed","template":"","meta":{"_acf_changed":false,"inline_featured_image":false,"_kad_blocks_custom_css":"","_kad_blocks_head_custom_js":"","_kad_blocks_body_custom_js":"","_kad_blocks_footer_custom_js":"","footnotes":""},"class_list":["post-6729","page","type-page","status-publish","hentry"],"acf":[],"featured_image_urls":{"full":"","thumbnail":"","medium":"","medium_large":"","large":"","1536x1536":"","2048x2048":"","trp-custom-language-flag":"","gform-image-choice-sm":"","gform-image-choice-md":"","gform-image-choice-lg":"","gamipress-points":"","gamipress-achievement":"","gamipress-rank":""},"post_excerpt_stackable":"<p>TITULAR te informa sobre su Pol\u00edtica de Privacidad respecto del tratamiento y protecci\u00f3n de los datos de car\u00e1cter personal de los usuarios y clientes que puedan ser recabados por la navegaci\u00f3n o contrataci\u00f3n de servicios a trav\u00e9s del sitio Web geographicmedia.top En este sentido, el Titular garantiza el cumplimiento de la normativa vigente en materia de protecci\u00f3n de datos personales, reflejada en la Ley Org\u00e1nica 3\/2018, de 5 de diciembre, de Protecci\u00f3n de Datos Personales y de Garant\u00eda de Derechos Digitales (LOPD GDD). Cumple tambi\u00e9n con el Reglamento (UE) 2016\/679 del Parlamento Europeo y del Consejo de 27 de abril&hellip;<\/p>\n","category_list":"","author_info":{"display_name":"flabernardez","author_link":"https:\/\/geographicmedia.top\/eu\/author\/flabernardez\/"},"comments_num":"0 comments","taxonomy_info":[],"featured_image_src_large":false,"comment_info":0,"_links":{"self":[{"href":"https:\/\/geographicmedia.top\/eu\/wp-json\/wp\/v2\/pages\/6729","targetHints":{"allow":["GET"]}}],"collection":[{"href":"https:\/\/geographicmedia.top\/eu\/wp-json\/wp\/v2\/pages"}],"about":[{"href":"https:\/\/geographicmedia.top\/eu\/wp-json\/wp\/v2\/types\/page"}],"author":[{"embeddable":true,"href":"https:\/\/geographicmedia.top\/eu\/wp-json\/wp\/v2\/users\/1"}],"replies":[{"embeddable":true,"href":"https:\/\/geographicmedia.top\/eu\/wp-json\/wp\/v2\/comments?post=6729"}],"version-history":[{"count":3,"href":"https:\/\/geographicmedia.top\/eu\/wp-json\/wp\/v2\/pages\/6729\/revisions"}],"predecessor-version":[{"id":6979,"href":"https:\/\/geographicmedia.top\/eu\/wp-json\/wp\/v2\/pages\/6729\/revisions\/6979"}],"wp:attachment":[{"href":"https:\/\/geographicmedia.top\/eu\/wp-json\/wp\/v2\/media?parent=6729"}],"curies":[{"name":"wp","href":"https:\/\/api.w.org\/{rel}","templated":true}]}}