{"id":6729,"date":"2023-12-29T10:12:10","date_gmt":"2023-12-29T09:12:10","guid":{"rendered":"https:\/\/geographicmedia.top\/?page_id=6729"},"modified":"2024-02-02T13:15:22","modified_gmt":"2024-02-02T12:15:22","slug":"politica-de-privacidad","status":"publish","type":"page","link":"https:\/\/geographicmedia.top\/fr\/politica-de-privacidad\/","title":{"rendered":"Politique de confidentialit\u00e9"},"content":{"rendered":"<p>Le PROPRI\u00c9TAIRE vous informe de sa politique de confidentialit\u00e9 concernant le traitement et la protection des donn\u00e9es personnelles des utilisateurs et des clients qui peuvent \u00eatre collect\u00e9es lors de la navigation ou de la sous-traitance de services via le site Geographicmedia.top.<\/p>\n\n\n\n<p>En ce sens, le Propri\u00e9taire garantit le respect de la r\u00e9glementation en vigueur en mati\u00e8re de protection des donn\u00e9es personnelles, refl\u00e9t\u00e9e dans la loi organique 3\/2018 du 5 d\u00e9cembre sur la protection des donn\u00e9es personnelles et la garantie des droits num\u00e9riques (LOPD GDD). Il est \u00e9galement conforme au R\u00e8glement (UE) 2016\/679 du Parlement europ\u00e9en et du Conseil du 27 avril 2016 relatif \u00e0 la protection des personnes physiques (RGPD).<\/p>\n\n\n\n<p>L'utilisation du site Web implique l'acceptation de la pr\u00e9sente politique de confidentialit\u00e9 ainsi que des conditions incluses dans les mentions l\u00e9gales.<\/p>\n\n\n\n<div class=\"wp-block-buttons alignfull is-content-justification-center is-layout-flex wp-container-core-buttons-is-layout-a89b3969 wp-block-buttons-is-layout-flex\">\n<div class=\"wp-block-button has-custom-width wp-block-button__width-100\"><a class=\"wp-block-button__link wp-element-button\" href=\"https:\/\/geographicmedia.top\/fr\/reportajes\/\">J&#039;accepte la politique de confidentialit\u00e9<\/a><\/div>\n\n\n\n<div class=\"wp-block-button has-custom-width wp-block-button__width-100\"><a class=\"wp-block-button__link wp-element-button\" href=\"https:\/\/geographicmedia.top\/fr\/registro\/\">J&#039;accepte la politique de confidentialit\u00e9<\/a><\/div>\n<\/div>\n\n\n\n<div class=\"wp-block-kadence-modal alignnone kt-modal-linkalign-center\" id=\"kt-modal6729_47d560-27\"><div id=\"kt-target-modal6729_47d560-27\" class=\"kb-modal-content6729_47d560-27 kadence-block-pro-modal kt-m-animate-in-fadeup kt-m-animate-out-fadeout\" aria-hidden=\"true\"><div class=\"kt-modal-overlay\" tabindex=\"-1\" data-modal-close=\"true\"><div class=\"kt-modal-container kt-modal-height-fittocontent kt-close-position-inside\" role=\"dialog\" aria-modal=\"true\"><button class=\"kt-modal-close\" aria-label=\"Fermer le modal\" data-modal-close=\"true\"><svg viewbox=\"0 0 24 24\" fill=\"none\" stroke=\"currentColor\" xmlns=\"https:\/\/www.w3.org\/2000\/svg\" stroke-width=\"2\" stroke-linecap=\"round\" stroke-linejoin=\"round\"><line x1=\"18\" y1=\"6\" x2=\"6\" y2=\"18\"><\/line><line x1=\"6\" y1=\"6\" x2=\"18\" y2=\"18\"><\/line><\/svg><\/button><div id=\"kt-modal6729_47d560-27-content\" class=\"kt-modal-content\">\n<h3 class=\"wp-block-heading\"><strong>identit\u00e9 de la personne responsable<\/strong><\/h3>\n\n\n\n<ul class=\"wp-block-list\">\n<li>Propri\u00e9taire : CONSORTIUM POUR LES STRAT\u00c9GIES DE D\u00c9VELOPPEMENT DE LA RIBERA DE NAVARRA<\/li>\n\n\n\n<li>NIF\/CIF\u00a0: G31513260<\/li>\n\n\n\n<li>Adresse\u00a0: Pl. Ha Levi Yehuda, s\/n<\/li>\n\n\n\n<li>Courriel : eder@consorcioeder.es<\/li>\n\n\n\n<li>Site Internet : https:\/\/www.consorcioeder.es<\/li>\n<\/ul>\n\n\n\n<h3 class=\"wp-block-heading\"><strong>Principes appliqu\u00e9s au traitement des donn\u00e9es<\/strong><\/h3>\n\n\n\n<p>Dans le traitement de vos donn\u00e9es personnelles, le Propri\u00e9taire appliquera les principes suivants, conformes aux exigences du nouveau r\u00e8glement europ\u00e9en sur la protection des donn\u00e9es :<\/p>\n\n\n\n<ul class=\"wp-block-list\">\n<li><strong>Principe de l\u00e9galit\u00e9, de loyaut\u00e9 et de transparence :<\/strong> Le Propri\u00e9taire exigera toujours le consentement pour le traitement de vos donn\u00e9es personnelles, qui peut \u00eatre destin\u00e9 \u00e0 une ou plusieurs finalit\u00e9s sp\u00e9cifiques dont il vous informera au pr\u00e9alable en toute transparence.<\/li>\n\n\n\n<li><strong>Principe de minimisation des donn\u00e9es\u00a0:<\/strong> Le Propri\u00e9taire ne demandera que les donn\u00e9es strictement n\u00e9cessaires \u00e0 la ou aux finalit\u00e9s pour lesquelles elles sont demand\u00e9es.<\/li>\n\n\n\n<li><strong>Principe de limitation de la dur\u00e9e de conservation :<\/strong> Les donn\u00e9es seront conserv\u00e9es pendant la dur\u00e9e strictement n\u00e9cessaire \u00e0 la ou aux finalit\u00e9s du traitement.<br>Le Propri\u00e9taire vous informera de la dur\u00e9e de conservation correspondante en fonction de la finalit\u00e9. Dans le cas d&#039;abonnements, le Propri\u00e9taire examinera p\u00e9riodiquement les listes et supprimera les enregistrements inactifs pendant une p\u00e9riode consid\u00e9rable.<\/li>\n\n\n\n<li><strong>Principe d&#039;int\u00e9grit\u00e9 et de confidentialit\u00e9 :<\/strong> Vos donn\u00e9es seront trait\u00e9es de mani\u00e8re \u00e0 garantir leur s\u00e9curit\u00e9, leur confidentialit\u00e9 et leur int\u00e9grit\u00e9. Vous devez savoir que le Propri\u00e9taire prend les pr\u00e9cautions n\u00e9cessaires pour \u00e9viter tout acc\u00e8s non autoris\u00e9 ou toute utilisation inappropri\u00e9e des donn\u00e9es de ses utilisateurs par des tiers.<\/li>\n<\/ul>\n\n\n\n<h3 class=\"wp-block-heading\"><strong>Obtention de donn\u00e9es personnelles<\/strong><\/h3>\n\n\n\n<p>Pour naviguer sur www.geographicmedia.top, vous n&#039;avez pas besoin de fournir de donn\u00e9es personnelles. Les cas dans lesquels vous fournissez vos donn\u00e9es personnelles sont les suivants :<\/p>\n\n\n\n<ul class=\"wp-block-list\">\n<li>En vous inscrivant sur le site via un formulaire<\/li>\n<\/ul>\n\n\n\n<h3 class=\"wp-block-heading\"><strong>Tes droits<\/strong><\/h3>\n\n\n\n<p>Le Propri\u00e9taire vous informe qu&#039;en ce qui concerne vos donn\u00e9es personnelles, vous avez le droit de :<\/p>\n\n\n\n<ul class=\"wp-block-list\">\n<li>Demander l&#039;acc\u00e8s aux donn\u00e9es stock\u00e9es.<\/li>\n\n\n\n<li>Demander une rectification ou une annulation.<\/li>\n\n\n\n<li>Demandez la limitation de votre traitement.<\/li>\n\n\n\n<li>Opposez-vous au traitement.<\/li>\n\n\n\n<li>Demandez la portabilit\u00e9 de vos donn\u00e9es.<\/li>\n<\/ul>\n\n\n\n<p>L&#039;exercice de ces droits est personnel et doit donc \u00eatre exerc\u00e9 directement par l&#039;int\u00e9ress\u00e9, en le demandant directement au Titulaire, ce qui signifie que tout client, abonn\u00e9 ou collaborateur ayant fourni ses donn\u00e9es \u00e0 tout moment peut contacter le Titulaire et demander des informations sur les droits, les donn\u00e9es que vous avez stock\u00e9es et comment vous les avez obtenues, demander leur rectification, demander la portabilit\u00e9 de vos donn\u00e9es personnelles, vous opposer au traitement, limiter leur utilisation ou demander l&#039;annulation de ces donn\u00e9es dans les fichiers du Propri\u00e9taire.<\/p>\n\n\n\n<p>Pour exercer vos droits d&#039;acc\u00e8s, de rectification, d&#039;annulation, de portabilit\u00e9 et d&#039;opposition vous devez envoyer un email <a href=\"mailto:aeder@consorcioeder.es\">aeder@consorcioeder.es<\/a>&nbsp; accompagn\u00e9 d&#039;une preuve l\u00e9galement valable telle qu&#039;une photocopie du DNI ou \u00e9quivalent.<\/p>\n\n\n\n<p>Vous avez le droit \u00e0 une protection judiciaire efficace et \u00e0 d\u00e9poser une r\u00e9clamation aupr\u00e8s de l&#039;autorit\u00e9 de contr\u00f4le, en l&#039;occurrence l&#039;Agence espagnole de protection des donn\u00e9es, si vous consid\u00e9rez que le traitement des donn\u00e9es personnelles vous concernant viole le r\u00e8glement.<\/p>\n\n\n\n<h3 class=\"wp-block-heading\"><strong>Finalit\u00e9 du traitement des donn\u00e9es personnelles<\/strong><\/h3>\n\n\n\n<p>Lorsque vous vous connectez au Site Web pour envoyer un e-mail au Propri\u00e9taire, vous abonner \u00e0 sa newsletter ou conclure un contrat, vous fournissez des informations personnelles dont le Propri\u00e9taire est responsable. Ces informations peuvent inclure des donn\u00e9es personnelles telles que votre adresse IP, votre nom et pr\u00e9nom, votre adresse physique, votre adresse e-mail, votre num\u00e9ro de t\u00e9l\u00e9phone et d&#039;autres informations. En fournissant ces informations, vous consentez \u00e0 ce que vos informations soient collect\u00e9es, utilis\u00e9es, g\u00e9r\u00e9es et stock\u00e9es par CONSORCIO PARA LA STRATEGIAS DE DESARROLLO DE LA RIBERA DE NAVARRA, uniquement comme d\u00e9crit dans les mentions l\u00e9gales et dans la pr\u00e9sente politique de confidentialit\u00e9.<\/p>\n\n\n\n<p>Les donn\u00e9es personnelles et la finalit\u00e9 du traitement par le Propri\u00e9taire sont diff\u00e9rentes selon le syst\u00e8me de capture des informations :<\/p>\n\n\n\n<ul class=\"wp-block-list\">\n<li><strong>Formulaires de contact :<\/strong> Le Propri\u00e9taire demande des donn\u00e9es personnelles qui peuvent inclure : Nom et pr\u00e9nom, adresse e-mail, num\u00e9ro de t\u00e9l\u00e9phone et adresse de votre site Web afin de r\u00e9pondre \u00e0 vos questions.<br>Par exemple, le Propri\u00e9taire utilise ces donn\u00e9es pour r\u00e9pondre \u00e0 vos messages, questions, plaintes, commentaires ou pr\u00e9occupations que vous pourriez avoir concernant les informations incluses sur le Site Web, les services fournis via le Site Web, le traitement de vos donn\u00e9es personnelles, les questions concernant le les textes juridiques inclus sur le site Internet, ainsi que toute autre question que vous pourriez avoir et qui n&#039;est pas soumise aux conditions du site Internet ou du contrat.<\/li>\n\n\n\n<li><strong>Formulaires d&#039;abonnement au contenu\u00a0:<\/strong> Le Propri\u00e9taire demande les donn\u00e9es personnelles suivantes : Nom et pr\u00e9nom, adresse e-mail, num\u00e9ro de t\u00e9l\u00e9phone et adresse de votre site Web pour g\u00e9rer la liste d&#039;abonnement, envoyer des newsletters, des promotions et des offres sp\u00e9ciales.<br>Les donn\u00e9es que vous fournissez au Propri\u00e9taire seront situ\u00e9es sur les serveurs de The Rocket Science Group LLC d\/b\/a, domicili\u00e9 aux \u00c9tats-Unis. (Mailchimp).<\/li>\n<\/ul>\n\n\n\n<p>Il existe d&#039;autres finalit\u00e9s pour lesquelles le Propri\u00e9taire traite vos donn\u00e9es personnelles\u00a0:<\/p>\n\n\n\n<ul class=\"wp-block-list\">\n<li>Garantir le respect des conditions incluses dans les mentions l\u00e9gales et de la loi applicable. Cela peut inclure le d\u00e9veloppement d&#039;outils et d&#039;algorithmes qui aident ce site Web \u00e0 garantir la confidentialit\u00e9 des donn\u00e9es personnelles qu&#039;il collecte.<\/li>\n\n\n\n<li>Pour soutenir et am\u00e9liorer les services offerts par ce site Web.<\/li>\n<\/ul>\n\n\n\n<h3 class=\"wp-block-heading\"><strong>S\u00e9curit\u00e9 des donn\u00e9es personnelles<\/strong><\/h3>\n\n\n\n<p>Pour prot\u00e9ger vos donn\u00e9es personnelles, le Propri\u00e9taire prend toutes les pr\u00e9cautions raisonnables et suit les meilleures pratiques de l&#039;industrie pour \u00e9viter leur perte, leur utilisation abusive, leur acc\u00e8s inappropri\u00e9, leur divulgation, leur alt\u00e9ration ou leur destruction.<\/p>\n\n\n\n<p>Le site Web est h\u00e9berg\u00e9 sur WordPress H\u00e9rcules (https:\/\/wphercules.es\/). La s\u00e9curit\u00e9 de vos donn\u00e9es est garantie, puisqu&#039;ils prennent toutes les mesures de s\u00e9curit\u00e9 n\u00e9cessaires pour cela. Vous pouvez consulter leur politique de confidentialit\u00e9 pour plus d\u2019informations.<\/p>\n\n\n\n<h3 class=\"wp-block-heading\"><strong>Contenu provenant d&#039;autres sites Web<\/strong><\/h3>\n\n\n\n<p>Les pages de ce site Web peuvent inclure du contenu int\u00e9gr\u00e9 (par exemple des vid\u00e9os, des images, des articles, etc.). Le contenu int\u00e9gr\u00e9 provenant d\u2019autres sites Web se comporte exactement de la m\u00eame mani\u00e8re que si vous aviez visit\u00e9 l\u2019autre site Web.<\/p>\n\n\n\n<p>Ces sites Web peuvent collecter des donn\u00e9es sur vous, utiliser des cookies, int\u00e9grer un code de suivi tiers suppl\u00e9mentaire et surveiller votre interaction \u00e0 l&#039;aide de ce code.<\/p>\n\n\n\n<h3 class=\"wp-block-heading\"><strong>Politique de cookies<\/strong><\/h3>\n\n\n\n<p>Pour que ce site Web fonctionne correctement, vous devez utiliser&nbsp;<\/p>\n\n\n\n<p>les cookies techniques, qui permettent \u00e0 l&#039;utilisateur de naviguer sur une page Web, une plateforme ou une application et d&#039;utiliser les diff\u00e9rentes options ou services qui y existent, comme, par exemple, l&#039;identification de la session, l&#039;acc\u00e8s \u00e0 des parties \u00e0 acc\u00e8s restreint, l&#039;utilisation d&#039;\u00e9l\u00e9ments de s\u00e9curit\u00e9 lors de la navigation, ou pour enregistrer la progression et la session.&nbsp;<\/p>\n\n\n\n<p><strong>L\u00e9gitimation du traitement des donn\u00e9es<\/strong><\/p>\n\n\n\n<p>La base juridique du traitement de vos donn\u00e9es est : le consentement.<\/p>\n\n\n\n<p>Pour contacter le Propri\u00e9taire, vous abonner \u00e0 une newsletter ou faire des commentaires sur ce site Web, vous devez accepter cette politique de confidentialit\u00e9.<\/p>\n\n\n\n<h3 class=\"wp-block-heading\"><strong>Cat\u00e9gories de donn\u00e9es personnelles<\/strong><\/h3>\n\n\n\n<p>Les cat\u00e9gories de donn\u00e9es personnelles trait\u00e9es par le Propri\u00e9taire sont\u00a0:<\/p>\n\n\n\n<ul class=\"wp-block-list\">\n<li>Donn\u00e9es d&#039;identification.<\/li>\n<\/ul>\n\n\n\n<h3 class=\"wp-block-heading\"><strong>Conservation des donn\u00e9es personnelles<\/strong><\/h3>\n\n\n\n<p>Les donn\u00e9es personnelles que vous fournissez au Propri\u00e9taire seront conserv\u00e9es jusqu&#039;\u00e0 ce que vous demandiez leur suppression.<\/p>\n\n\n\n<h3 class=\"wp-block-heading\"><strong>Destinataires des donn\u00e9es personnelles<\/strong><\/h3>\n\n\n\n<ul class=\"wp-block-list\">\n<li><strong>OUIUPLAY SLU,<\/strong> dont le si\u00e8ge social est situ\u00e9 C\/ Canal 11 \u2013 Pampelune-Iru\u00f1ea \u2013 31015.<br>Vous trouverez plus d&#039;informations sur : <a href=\"https:\/\/ouiplay.es\">https:\/\/ouiplay.es<strong><br><\/strong><\/a>OUIPLAY traite les donn\u00e9es afin de fournir ses services en tant que responsable de la maintenance du site Internet.<\/li>\n\n\n\n<li><strong>Flavia Bern\u00e1rdez Rodr\u00edguez<\/strong>, dont l&#039;adresse est Calle Capit\u00e1n Amador 9. Alicante, Espagne. Vous trouverez plus d&#039;informations sur : <a href=\"http:\/\/flabernardez.com\">http:\/\/flabernardez.com<\/a><strong>.<\/strong> Flavia Bern\u00e1rdez Rodr\u00edguez traite les donn\u00e9es \u00e0 des fins de programmation et de mise \u00e0 jour de la technologie du site Web, ainsi que de l&#039;h\u00e9bergement et de la gestion de domaines.<\/li>\n\n\n\n<li><strong>WPHercules&nbsp; <\/strong>r\u00e9sidant \u00e0 St Albans, Londres. Vous trouverez plus d&#039;informations sur <a href=\"https:\/\/wphercules.es\">https:\/\/wphercules.es<\/a>. WPHercules traite les donn\u00e9es dans le but de fournir des services d&#039;h\u00e9bergement et d&#039;infrastructure technologique.<\/li>\n<\/ul>\n\n\n\n<p><strong>Navigation Web<\/strong><\/p>\n\n\n\n<p>Lors de la navigation sur www.geographicmedia.top, des donn\u00e9es non identifiantes peuvent \u00eatre collect\u00e9es, qui peuvent inclure l&#039;adresse IP, la g\u00e9olocalisation, un enregistrement de la fa\u00e7on dont les services et les sites sont utilis\u00e9s, les habitudes de navigation et d&#039;autres donn\u00e9es qui ne peuvent pas \u00eatre utilis\u00e9es pour vous identifier.<\/p>\n\n\n\n<p>Le Propri\u00e9taire utilise les informations obtenues pour obtenir des donn\u00e9es statistiques, analyser les tendances, administrer le site, \u00e9tudier les mod\u00e8les de navigation et collecter des informations d\u00e9mographiques.<\/p>\n\n\n\n<h3 class=\"wp-block-heading\"><strong>Exactitude et v\u00e9racit\u00e9 des donn\u00e9es personnelles<\/strong><\/h3>\n\n\n\n<p>Vous vous engagez \u00e0 garantir que les donn\u00e9es fournies au Propri\u00e9taire sont correctes, compl\u00e8tes, exactes et \u00e0 jour, ainsi qu&#039;\u00e0 les maintenir d\u00fbment mises \u00e0 jour.<\/p>\n\n\n\n<p>En tant qu&#039;utilisateur du site Web, vous \u00eates seul responsable de la v\u00e9racit\u00e9 et de l&#039;exactitude des donn\u00e9es que vous envoyez au site, exon\u00e9rant le propri\u00e9taire de toute responsabilit\u00e9 \u00e0 cet \u00e9gard.<\/p>\n\n\n\n<h3 class=\"wp-block-heading\"><strong>Acceptation et consentement<\/strong><\/h3>\n\n\n\n<p>En tant qu&#039;utilisateur du site Web, vous d\u00e9clarez avoir \u00e9t\u00e9 inform\u00e9 des conditions relatives \u00e0 la protection des donn\u00e9es personnelles, et vous acceptez et consentez au traitement de celles-ci par le propri\u00e9taire de la mani\u00e8re et aux fins indiqu\u00e9es dans la pr\u00e9sente politique de confidentialit\u00e9.<\/p>\n\n\n\n<h3 class=\"wp-block-heading\"><strong>R\u00e9vocabilit\u00e9<\/strong><\/h3>\n\n\n\n<p>Pour exercer vos droits d&#039;acc\u00e8s, de rectification, d&#039;annulation, de portabilit\u00e9 et d&#039;opposition, vous devez envoyer un email \u00e0 <a href=\"mailto:aeder@consorcioeder.es\">aeder@consorcioeder.es<\/a>&nbsp; accompagn\u00e9 d&#039;une preuve l\u00e9galement valable telle qu&#039;une photocopie du DNI ou \u00e9quivalent.<\/p>\n\n\n\n<p>L&#039;exercice de vos droits n&#039;inclut aucune donn\u00e9e que le Propri\u00e9taire est tenu de conserver \u00e0 des fins administratives, juridiques ou de s\u00e9curit\u00e9.<\/p>\n\n\n\n<h3 class=\"wp-block-heading\"><strong>Modifications de la politique de confidentialit\u00e9<\/strong><\/h3>\n\n\n\n<p>Le Propri\u00e9taire se r\u00e9serve le droit de modifier cette Politique de Confidentialit\u00e9 pour l&#039;adapter aux \u00e9volutions l\u00e9gislatives ou jurisprudentielles, ainsi qu&#039;aux pratiques de l&#039;industrie.<\/p>\n\n\n\n<p>Ces politiques seront en vigueur jusqu&#039;\u00e0 ce qu&#039;elles soient modifi\u00e9es par d&#039;autres d\u00fbment publi\u00e9es.v<\/p>\n<\/div><\/div><\/div><\/div><button class=\"kb-btn-global-custom kt-modal-label-show kt-blocks-modal-link\" data-modal-open=\"kt-target-modal6729_47d560-27\"><span class=\"kt-blocks-modal-link-inner\">Lire la politique de confidentialit\u00e9 compl\u00e8te<\/span><\/button><\/div>","protected":false},"excerpt":{"rendered":"<p>TITULAR te informa sobre su Pol\u00edtica de Privacidad respecto del tratamiento y protecci\u00f3n de los datos de car\u00e1cter personal de los usuarios y clientes que puedan ser recabados por la navegaci\u00f3n o contrataci\u00f3n de servicios a trav\u00e9s del sitio Web geographicmedia.top En este sentido, el Titular garantiza el cumplimiento de la normativa vigente en materia [&hellip;]<\/p>\n","protected":false},"author":1,"featured_media":0,"parent":0,"menu_order":0,"comment_status":"closed","ping_status":"closed","template":"","meta":{"_acf_changed":false,"inline_featured_image":false,"_kad_blocks_custom_css":"","_kad_blocks_head_custom_js":"","_kad_blocks_body_custom_js":"","_kad_blocks_footer_custom_js":"","footnotes":""},"class_list":["post-6729","page","type-page","status-publish","hentry"],"acf":[],"featured_image_urls":{"full":"","thumbnail":"","medium":"","medium_large":"","large":"","1536x1536":"","2048x2048":"","trp-custom-language-flag":"","gform-image-choice-sm":"","gform-image-choice-md":"","gform-image-choice-lg":"","gamipress-points":"","gamipress-achievement":"","gamipress-rank":""},"post_excerpt_stackable":"<p>TITULAR te informa sobre su Pol\u00edtica de Privacidad respecto del tratamiento y protecci\u00f3n de los datos de car\u00e1cter personal de los usuarios y clientes que puedan ser recabados por la navegaci\u00f3n o contrataci\u00f3n de servicios a trav\u00e9s del sitio Web geographicmedia.top En este sentido, el Titular garantiza el cumplimiento de la normativa vigente en materia de protecci\u00f3n de datos personales, reflejada en la Ley Org\u00e1nica 3\/2018, de 5 de diciembre, de Protecci\u00f3n de Datos Personales y de Garant\u00eda de Derechos Digitales (LOPD GDD). Cumple tambi\u00e9n con el Reglamento (UE) 2016\/679 del Parlamento Europeo y del Consejo de 27 de abril\u2026<\/p>\n","category_list":"","author_info":{"display_name":"flabernardez","author_link":"https:\/\/geographicmedia.top\/fr\/author\/flabernardez\/"},"comments_num":"0 comments","taxonomy_info":[],"featured_image_src_large":false,"comment_info":0,"_links":{"self":[{"href":"https:\/\/geographicmedia.top\/fr\/wp-json\/wp\/v2\/pages\/6729","targetHints":{"allow":["GET"]}}],"collection":[{"href":"https:\/\/geographicmedia.top\/fr\/wp-json\/wp\/v2\/pages"}],"about":[{"href":"https:\/\/geographicmedia.top\/fr\/wp-json\/wp\/v2\/types\/page"}],"author":[{"embeddable":true,"href":"https:\/\/geographicmedia.top\/fr\/wp-json\/wp\/v2\/users\/1"}],"replies":[{"embeddable":true,"href":"https:\/\/geographicmedia.top\/fr\/wp-json\/wp\/v2\/comments?post=6729"}],"version-history":[{"count":3,"href":"https:\/\/geographicmedia.top\/fr\/wp-json\/wp\/v2\/pages\/6729\/revisions"}],"predecessor-version":[{"id":6979,"href":"https:\/\/geographicmedia.top\/fr\/wp-json\/wp\/v2\/pages\/6729\/revisions\/6979"}],"wp:attachment":[{"href":"https:\/\/geographicmedia.top\/fr\/wp-json\/wp\/v2\/media?parent=6729"}],"curies":[{"name":"wp","href":"https:\/\/api.w.org\/{rel}","templated":true}]}}